{"id":107,"date":"2020-04-15T11:55:01","date_gmt":"2020-04-15T11:55:01","guid":{"rendered":"https:\/\/madalina313.supserv.cozmoslabs.com\/?page_id=107"},"modified":"2020-04-15T11:55:01","modified_gmt":"2020-04-15T11:55:01","slug":"recover-password","status":"publish","type":"page","link":"https:\/\/madalina313.supserv.cozmoslabs.com\/ro\/pb\/recover-password\/","title":{"rendered":"Recupereaz\u0103 parola"},"content":{"rendered":"<div class=\"wppb_holder\" id=\"wppb-recover-password-container\">\t<form enctype=\"multipart\/form-data\" method=\"post\" id=\"wppb-recover-password\" class=\"wppb-user-forms\" action=\"https:\/\/madalina313.supserv.cozmoslabs.com\/ro\/wp-json\/wp\/v2\/pages\/107\" data-trp-original-action=\"https:\/\/madalina313.supserv.cozmoslabs.com\/ro\/wp-json\/wp\/v2\/pages\/107\">\n\t<p>Te rog introdu numele t\u0103u utilizator sau adresa ta de email.<br \/>Vei primi prin email o leg\u0103tur\u0103 pentru a crea o parol\u0103 nou\u0103.<\/p><ul>\n\t\t\t<li class=\"wppb-form-field wppb-username-email\">\n\t\t\t\t<label for=\"username_email\">Nume utilizator sau email<\/label>\n\t\t\t\t<input class=\"text-input\" name=\"username_email\" type=\"text\" id=\"username_email\" value=\"\"  placeholder=\"Nume utilizator sau email\"  \/>\n\t\t\t<\/li><!-- .username_email --><\/ul>\t<p class=\"form-submit\">\n\t\t\t\t<input name=\"recover_password\" type=\"submit\" id=\"wppb-recover-password-button\" class=\"submit button\" value=\"Prime\u0219ti o parol\u0103 nou\u0103\" \/>\n\t\t<input name=\"action\" type=\"hidden\" id=\"action\" value=\"recover_password\" \/>\n\t<\/p>\n\t<input type=\"hidden\" id=\"password_recovery_nonce_field\" name=\"password_recovery_nonce_field\" value=\"c6bf335ef3\" \/><input type=\"hidden\" name=\"_wp_http_referer\" value=\"\/ro\/wp-json\/wp\/v2\/pages\/107\" \/>\t<input type=\"hidden\" name=\"trp-form-language\" value=\"ro\"\/><\/form>\n\t<\/div>","protected":false},"excerpt":{"rendered":"","protected":false},"author":1,"featured_media":0,"parent":93,"menu_order":0,"comment_status":"closed","ping_status":"closed","template":"","meta":{"footnotes":""},"_links":{"self":[{"href":"https:\/\/madalina313.supserv.cozmoslabs.com\/ro\/wp-json\/wp\/v2\/pages\/107"}],"collection":[{"href":"https:\/\/madalina313.supserv.cozmoslabs.com\/ro\/wp-json\/wp\/v2\/pages"}],"about":[{"href":"https:\/\/madalina313.supserv.cozmoslabs.com\/ro\/wp-json\/wp\/v2\/types\/page"}],"author":[{"embeddable":true,"href":"https:\/\/madalina313.supserv.cozmoslabs.com\/ro\/wp-json\/wp\/v2\/users\/1"}],"replies":[{"embeddable":true,"href":"https:\/\/madalina313.supserv.cozmoslabs.com\/ro\/wp-json\/wp\/v2\/comments?post=107"}],"version-history":[{"count":1,"href":"https:\/\/madalina313.supserv.cozmoslabs.com\/ro\/wp-json\/wp\/v2\/pages\/107\/revisions"}],"predecessor-version":[{"id":108,"href":"https:\/\/madalina313.supserv.cozmoslabs.com\/ro\/wp-json\/wp\/v2\/pages\/107\/revisions\/108"}],"up":[{"embeddable":true,"href":"https:\/\/madalina313.supserv.cozmoslabs.com\/ro\/wp-json\/wp\/v2\/pages\/93"}],"wp:attachment":[{"href":"https:\/\/madalina313.supserv.cozmoslabs.com\/ro\/wp-json\/wp\/v2\/media?parent=107"}],"curies":[{"name":"wp","href":"https:\/\/api.w.org\/{rel}","templated":true}]}}