{"id":2,"date":"2020-04-15T11:20:48","date_gmt":"2020-04-15T11:20:48","guid":{"rendered":"https:\/\/madalina313.supserv.cozmoslabs.com\/?page_id=2"},"modified":"2020-04-15T11:50:03","modified_gmt":"2020-04-15T11:50:03","slug":"sample-page","status":"publish","type":"page","link":"https:\/\/madalina313.supserv.cozmoslabs.com\/ro\/","title":{"rendered":"Pagina de prob\u0103"},"content":{"rendered":"<p>Aceasta este o pagin\u0103 de exemplu. Este diferit\u0103 de o postare pe blog, deoarece va r\u0103m\u00e2ne \u00eentr-un singur loc \u0219i va ap\u0103rea \u00een navigarea site-ului dvs. (\u00een majoritatea temelor). Cei mai mul\u021bi oameni \u00eencep cu o pagin\u0103 Despre care \u00eei prezint\u0103 poten\u021bialilor vizitatori ai site-ului. Ar putea spune ceva de genul acesta:<\/p>\n\n\n\n<blockquote class=\"wp-block-quote is-layout-flow wp-block-quote-is-layout-flow\"><p>Bun\u0103 ziua! Sunt un curier pe biciclet\u0103 ziua, aspirant actor noaptea, iar acesta este site-ul meu. Locuiesc \u00een Los Angeles, am un c\u00e2ine grozav pe nume Jack \u0219i \u00eemi place pi\u00f1a colada. (\u0218i s\u0103 fiu prins \u00een ploaie.)<\/p><\/blockquote>\n\n\n\n<p>...sau ceva de genul \u0103sta:<\/p>\n\n\n\n<blockquote class=\"wp-block-quote is-layout-flow wp-block-quote-is-layout-flow\"><p>Compania XYZ Doohickey Company a fost fondat\u0103 \u00een 1971 \u0219i de atunci ofer\u0103 publicului doohickey de calitate. Situat\u0103 \u00een Gotham City, XYZ are peste 2.000 de angaja\u021bi \u0219i face tot felul de lucruri minunate pentru comunitatea din Gotham.<\/p><\/blockquote>\n\n\n\n<p>Ca utilizator nou de WordPress, trebuie s\u0103 accesa\u021bi <a href=\"https:\/\/madalina313.supserv.cozmoslabs.com\/wp-admin\/\">tabloul de bord<\/a> pentru a \u0219terge aceast\u0103 pagin\u0103 \u0219i a crea pagini noi pentru con\u021binutul dvs. Distrac\u021bie pl\u0103cut\u0103!<\/p>","protected":false},"excerpt":{"rendered":"<p>This is an example page. It&#8217;s different from a blog post because it will stay in one place and will show up in your site navigation (in most themes). Most people start with an About page that introduces them to potential site visitors. It might say something like this: Hi there! I&#8217;m a bike messenger [&hellip;]<\/p>","protected":false},"author":1,"featured_media":0,"parent":0,"menu_order":0,"comment_status":"closed","ping_status":"closed","template":"","meta":{"footnotes":""},"_links":{"self":[{"href":"https:\/\/madalina313.supserv.cozmoslabs.com\/ro\/wp-json\/wp\/v2\/pages\/2"}],"collection":[{"href":"https:\/\/madalina313.supserv.cozmoslabs.com\/ro\/wp-json\/wp\/v2\/pages"}],"about":[{"href":"https:\/\/madalina313.supserv.cozmoslabs.com\/ro\/wp-json\/wp\/v2\/types\/page"}],"author":[{"embeddable":true,"href":"https:\/\/madalina313.supserv.cozmoslabs.com\/ro\/wp-json\/wp\/v2\/users\/1"}],"replies":[{"embeddable":true,"href":"https:\/\/madalina313.supserv.cozmoslabs.com\/ro\/wp-json\/wp\/v2\/comments?post=2"}],"version-history":[{"count":1,"href":"https:\/\/madalina313.supserv.cozmoslabs.com\/ro\/wp-json\/wp\/v2\/pages\/2\/revisions"}],"predecessor-version":[{"id":100,"href":"https:\/\/madalina313.supserv.cozmoslabs.com\/ro\/wp-json\/wp\/v2\/pages\/2\/revisions\/100"}],"wp:attachment":[{"href":"https:\/\/madalina313.supserv.cozmoslabs.com\/ro\/wp-json\/wp\/v2\/media?parent=2"}],"curies":[{"name":"wp","href":"https:\/\/api.w.org\/{rel}","templated":true}]}}