{"id":481,"date":"2023-11-27T11:26:34","date_gmt":"2023-11-27T11:26:34","guid":{"rendered":"https:\/\/madalina313.supserv.cozmoslabs.com\/sample-page-romana\/"},"modified":"2023-11-27T11:26:34","modified_gmt":"2023-11-27T11:26:34","slug":"sample-page-romana","status":"publish","type":"page","link":"https:\/\/madalina313.supserv.cozmoslabs.com\/ro\/sample-page-romana\/","title":{"rendered":"Pagina de prob\u0103 - Rom\u00e2n\u0103"},"content":{"rendered":"","protected":false},"excerpt":{"rendered":"","protected":false},"author":1,"featured_media":0,"parent":0,"menu_order":0,"comment_status":"closed","ping_status":"closed","template":"","meta":{"footnotes":""},"_links":{"self":[{"href":"https:\/\/madalina313.supserv.cozmoslabs.com\/ro\/wp-json\/wp\/v2\/pages\/481"}],"collection":[{"href":"https:\/\/madalina313.supserv.cozmoslabs.com\/ro\/wp-json\/wp\/v2\/pages"}],"about":[{"href":"https:\/\/madalina313.supserv.cozmoslabs.com\/ro\/wp-json\/wp\/v2\/types\/page"}],"author":[{"embeddable":true,"href":"https:\/\/madalina313.supserv.cozmoslabs.com\/ro\/wp-json\/wp\/v2\/users\/1"}],"replies":[{"embeddable":true,"href":"https:\/\/madalina313.supserv.cozmoslabs.com\/ro\/wp-json\/wp\/v2\/comments?post=481"}],"version-history":[{"count":0,"href":"https:\/\/madalina313.supserv.cozmoslabs.com\/ro\/wp-json\/wp\/v2\/pages\/481\/revisions"}],"wp:attachment":[{"href":"https:\/\/madalina313.supserv.cozmoslabs.com\/ro\/wp-json\/wp\/v2\/media?parent=481"}],"curies":[{"name":"wp","href":"https:\/\/api.w.org\/{rel}","templated":true}]}}